{"id":1125,"date":"2025-04-25T13:25:10","date_gmt":"2025-04-25T11:25:10","guid":{"rendered":"https:\/\/eco-candle.eu\/?post_type=product&#038;p=1125"},"modified":"2026-01-13T10:14:35","modified_gmt":"2026-01-13T09:14:35","slug":"pack-60x-bougies-eco-candle","status":"publish","type":"product","link":"https:\/\/eco-candle.eu\/da\/vare\/pack-60x-bougies-eco-candle\/","title":{"rendered":"60x Eco Candle-pakke"},"content":{"rendered":"<p>For at oprette dit evige lys \u00f8ko-lys.fik det, er du n\u00f8dt til at :<br \/>\n- en smuk glas- eller stearinlyskrukke og h\u00e6ld en bund af vand i, derefter 1 cm almindelig rapsolie ovenp\u00e5.<br \/>\n- Et stykke k\u00f8kkenrulle p\u00e5 ca. 2 cm2, som du ruller stramt og sk\u00e6rer i l\u00e6ngder p\u00e5 1 cm.<br \/>\n- S\u00e6t v\u00e6gen ind i hullet i midten af beslaget eller flyderen, og s\u00f8rg for, at den sidder ordentligt fast ved at vende den om og ryste den lidt. Hvis v\u00e6gen falder ud, skal du lave en ny.<br \/>\n- Kom blandingen i dit glas eller din krukke, og vent, til v\u00e6gen har suget al olien op, og t\u00e6nd s\u00e5 lyset.<\/p>","protected":false},"excerpt":{"rendered":"<p>Pakke med 60x Eco-lys. Til forn\u00f8jelsen ved at give eller fork\u00e6le dig selv.<br \/>\nV\u00e6gt: 120 g.<\/p>\n<p>Ps: billedet er ikke kontraktligt. Denne pakke med 60x stearinlys repr\u00e6senterer 20 pakker med 3x, men vil blive sendt i bulk.<\/p>","protected":false},"featured_media":955,"comment_status":"open","ping_status":"closed","template":"","meta":{"_et_pb_use_builder":"","_et_pb_old_content":"","_et_gb_content_width":""},"product_brand":[],"product_cat":[19],"product_tag":[],"class_list":{"0":"post-1125","1":"product","2":"type-product","3":"status-publish","4":"has-post-thumbnail","6":"product_cat-non-classe","8":"first","9":"instock","10":"shipping-taxable","11":"purchasable","12":"product-type-simple"},"aioseo_notices":[],"_links":{"self":[{"href":"https:\/\/eco-candle.eu\/da\/wp-json\/wp\/v2\/product\/1125","targetHints":{"allow":["GET"]}}],"collection":[{"href":"https:\/\/eco-candle.eu\/da\/wp-json\/wp\/v2\/product"}],"about":[{"href":"https:\/\/eco-candle.eu\/da\/wp-json\/wp\/v2\/types\/product"}],"replies":[{"embeddable":true,"href":"https:\/\/eco-candle.eu\/da\/wp-json\/wp\/v2\/comments?post=1125"}],"wp:featuredmedia":[{"embeddable":true,"href":"https:\/\/eco-candle.eu\/da\/wp-json\/wp\/v2\/media\/955"}],"wp:attachment":[{"href":"https:\/\/eco-candle.eu\/da\/wp-json\/wp\/v2\/media?parent=1125"}],"wp:term":[{"taxonomy":"product_brand","embeddable":true,"href":"https:\/\/eco-candle.eu\/da\/wp-json\/wp\/v2\/product_brand?post=1125"},{"taxonomy":"product_cat","embeddable":true,"href":"https:\/\/eco-candle.eu\/da\/wp-json\/wp\/v2\/product_cat?post=1125"},{"taxonomy":"product_tag","embeddable":true,"href":"https:\/\/eco-candle.eu\/da\/wp-json\/wp\/v2\/product_tag?post=1125"}],"curies":[{"name":"wp","href":"https:\/\/api.w.org\/{rel}","templated":true}]}}