{"id":1125,"date":"2025-04-25T13:25:10","date_gmt":"2025-04-25T11:25:10","guid":{"rendered":"https:\/\/eco-candle.eu\/?post_type=product&#038;p=1125"},"modified":"2026-01-13T10:14:35","modified_gmt":"2026-01-13T09:14:35","slug":"pack-60x-bougies-eco-candle","status":"publish","type":"product","link":"https:\/\/eco-candle.eu\/de\/produkt\/pack-60x-bougies-eco-candle\/","title":{"rendered":"Pack 60x Kerzen Eco Candle"},"content":{"rendered":"<p>ein sch\u00f6nes Glas oder Windlicht und gie\u00dfen Sie einen Boden aus Wasser hinein, dann 1 cm gew\u00f6hnliches Speise\u00f6l aus Raps dar\u00fcber.<br \/>\n- ein sch\u00f6nes Glas oder Windlicht und gie\u00dfen Sie einen Boden aus Wasser hinein und dann 1 cm gew\u00f6hnliches Speise\u00f6l aus Raps dar\u00fcber.<br \/>\n- ein ca. 2 cm2 gro\u00dfes St\u00fcck K\u00fcchenpapier, das du fest zusammenrollen und auf 1 cm L\u00e4nge abschneiden musst.<br \/>\n- f\u00fchren Sie den Docht in das Loch in der Mitte der Halterung oder des Schwimmers ein und vergewissern Sie sich, dass der Docht richtig h\u00e4lt, indem Sie die Halterung umdrehen und ein wenig sch\u00fctteln. Wenn der Docht herausf\u00e4llt, mache einen neuen.<br \/>\n- stellen Sie das Ganze in Ihr Glas oder Windlicht und warten Sie, bis sich der Docht vollst\u00e4ndig mit dem \u00d6l vollgesogen hat, dann z\u00fcnden Sie es an.<\/p>","protected":false},"excerpt":{"rendered":"<p>Packung mit 60x Eco candle Kerzen. Als Geschenk oder zur eigenen Freude.<br \/>\nGewicht:120g.<\/p>\n<p>Ps: Das Foto ist nicht vertraglich bindend. Dieses 60x Kerzenpaket entspricht 20x 3x Packungen, wird aber in Gro\u00dfpackungen verschickt.<\/p>","protected":false},"featured_media":955,"comment_status":"open","ping_status":"closed","template":"","meta":{"_et_pb_use_builder":"","_et_pb_old_content":"","_et_gb_content_width":""},"product_brand":[],"product_cat":[19],"product_tag":[],"class_list":{"0":"post-1125","1":"product","2":"type-product","3":"status-publish","4":"has-post-thumbnail","6":"product_cat-non-classe","8":"first","9":"instock","10":"shipping-taxable","11":"purchasable","12":"product-type-simple"},"aioseo_notices":[],"_links":{"self":[{"href":"https:\/\/eco-candle.eu\/de\/wp-json\/wp\/v2\/product\/1125","targetHints":{"allow":["GET"]}}],"collection":[{"href":"https:\/\/eco-candle.eu\/de\/wp-json\/wp\/v2\/product"}],"about":[{"href":"https:\/\/eco-candle.eu\/de\/wp-json\/wp\/v2\/types\/product"}],"replies":[{"embeddable":true,"href":"https:\/\/eco-candle.eu\/de\/wp-json\/wp\/v2\/comments?post=1125"}],"wp:featuredmedia":[{"embeddable":true,"href":"https:\/\/eco-candle.eu\/de\/wp-json\/wp\/v2\/media\/955"}],"wp:attachment":[{"href":"https:\/\/eco-candle.eu\/de\/wp-json\/wp\/v2\/media?parent=1125"}],"wp:term":[{"taxonomy":"product_brand","embeddable":true,"href":"https:\/\/eco-candle.eu\/de\/wp-json\/wp\/v2\/product_brand?post=1125"},{"taxonomy":"product_cat","embeddable":true,"href":"https:\/\/eco-candle.eu\/de\/wp-json\/wp\/v2\/product_cat?post=1125"},{"taxonomy":"product_tag","embeddable":true,"href":"https:\/\/eco-candle.eu\/de\/wp-json\/wp\/v2\/product_tag?post=1125"}],"curies":[{"name":"wp","href":"https:\/\/api.w.org\/{rel}","templated":true}]}}