{"id":567,"date":"2022-03-09T13:03:17","date_gmt":"2022-03-09T12:03:17","guid":{"rendered":"https:\/\/sneakers-collect.com\/?page_id=567"},"modified":"2023-10-13T17:04:27","modified_gmt":"2023-10-13T15:04:27","slug":"politique-de-confidentialite","status":"publish","type":"page","link":"https:\/\/eco-candle.eu\/es\/politique-de-confidentialite\/","title":{"rendered":"Pol\u00edtica de privacidad"},"content":{"rendered":"<p>[et_pb_section fb_built=\u00a0\u00bb1&Prime; _builder_version=\u00a0\u00bb4.22.2&Prime; _module_preset=\u00a0\u00bbdefault\u00a0\u00bb use_background_color_gradient=\u00a0\u00bbon\u00a0\u00bb background_color_gradient_direction=\u00a0\u00bb90deg\u00a0\u00bb background_color_gradient_stops=\u00a0\u00bbrgba(0,0,0,0.82) 0%|rgba(0,0,0,0) 58%\u00a0\u00bb background_color_gradient_start=\u00a0\u00bbrgba(0,0,0,0.82)\u00a0\u00bb background_color_gradient_end=\u00a0\u00bbrgba(0,0,0,0)\u00a0\u00bb background_color_gradient_end_position=\u00a0\u00bb58%\u00a0\u00bb background_image=\u00a0\u00bbhttps:\/\/eco-candle.eu\/wp-content\/uploads\/2023\/10\/eco-candle-banniere-4.jpg\u00a0\u00bb background_blend=\u00a0\u00bboverlay\u00a0\u00bb custom_padding=\u00a0\u00bb177px||177px||true|false\u00a0\u00bb hover_enabled=\u00a0\u00bb0&Prime; global_colors_info=\u00a0\u00bb{}\u00a0\u00bb title_text=\u00a0\u00bbeco-candle-banniere-4&Prime; sticky_enabled=\u00a0\u00bb0&Prime;][et_pb_row _builder_version=\u00a0\u00bb4.16&Prime; _module_preset=\u00a0\u00bbdefault\u00a0\u00bb width=\u00a0\u00bb100%\u00a0\u00bb max_width=\u00a0\u00bb90%\u00a0\u00bb global_colors_info=\u00a0\u00bb{}\u00a0\u00bb][et_pb_column type=\u00a0\u00bb4_4&Prime; _builder_version=\u00a0\u00bb4.16&Prime; _module_preset=\u00a0\u00bbdefault\u00a0\u00bb global_colors_info=\u00a0\u00bb{}\u00a0\u00bb][et_pb_text module_class=\u00a0\u00bbh1-line\u00a0\u00bb _builder_version=\u00a0\u00bb4.16&Prime; _module_preset=\u00a0\u00bbdefault\u00a0\u00bb header_text_color=\u00a0\u00bb#FFFFFF\u00a0\u00bb header_font_size=\u00a0\u00bb40px\u00a0\u00bb header_text_align_tablet=\u00a0\u00bb\u00a0\u00bb header_text_align_phone=\u00a0\u00bb\u00a0\u00bb header_text_align_last_edited=\u00a0\u00bbon|phone\u00a0\u00bb header_font_size_tablet=\u00a0\u00bb37px\u00a0\u00bb header_font_size_phone=\u00a0\u00bb32px\u00a0\u00bb header_font_size_last_edited=\u00a0\u00bbon|phone\u00a0\u00bb global_colors_info=\u00a0\u00bb{}\u00a0\u00bb]<\/p>\n<h1>Pol\u00edtica de privacidad<\/h1>\n<p>[\/et_pb_text][\/et_pb_column][\/et_pb_row][\/et_pb_section][et_pb_section fb_built=\u00a0\u00bb1&Prime; module_class=\u00a0\u00bbmy-background mentions\u00a0\u00bb _builder_version=\u00a0\u00bb4.16&Prime; _module_preset=\u00a0\u00bbdefault\u00a0\u00bb global_colors_info=\u00a0\u00bb{}\u00a0\u00bb][et_pb_row _builder_version=\u00a0\u00bb4.16&Prime; _module_preset=\u00a0\u00bbdefault\u00a0\u00bb global_colors_info=\u00a0\u00bb{}\u00a0\u00bb][et_pb_column type=\u00a0\u00bb4_4&Prime; _builder_version=\u00a0\u00bb4.16&Prime; _module_preset=\u00a0\u00bbdefault\u00a0\u00bb global_colors_info=\u00a0\u00bb{}\u00a0\u00bb][et_pb_code module_class=\u00a0\u00bbpuce\u00a0\u00bb _builder_version=\u00a0\u00bb4.22.2&Prime; _module_preset=\u00a0\u00bbdefault\u00a0\u00bb global_colors_info=\u00a0\u00bb{}\u00a0\u00bb]<pee class=\"bold\">Devant le d\u00e9veloppement des nouveaux outils de communication, il est n\u00e9cessaire de porter une attention particuli\u00e8re \u00e0 la protection de la vie priv\u00e9e. <!-- [et_pb_line_break_holder] -->\t\tC&rsquo;est pourquoi, nous nous engageons \u00e0 respecter la confidentialit\u00e9 des renseignements personnels que nous collectons.<!-- [et_pb_line_break_holder] -->\t\t<\/pee><!-- [et_pb_line_break_holder] -->\t\t<\/p>\n<h2>Recogida de datos personales<\/h2>\n<p><!-- [et_pb_line_break_holder] -->\t\t<pee><!-- [et_pb_line_break_holder] -->\t\tRecogemos la siguiente informaci\u00f3n: <!-- [et_pb_line_break_holder] -->\t\t<\/pee><!-- [et_pb_line_break_holder] -->\t\t<\/p>\n<ul><!-- [et_pb_line_break_holder] -->\t\t\t\t\t<\/p>\n<li>Nombre<\/li>\n<p><!-- [et_pb_line_break_holder] -->\t\t\t\t\t<\/p>\n<li>Nombre<\/li>\n<p><!-- [et_pb_line_break_holder] -->\t\t\t\t\t<\/p>\n<li>Correo electr\u00f3nico<\/li>\n<p><!-- [et_pb_line_break_holder] -->\t\t\t\t\t<\/p>\n<li>Direcci\u00f3n postal<\/li>\n<p><!-- [et_pb_line_break_holder] -->\t\t\t\t\t<\/p>\n<li>N\u00famero de tel\u00e9fono\/fax<\/li>\n<p><!-- [et_pb_line_break_holder] -->\t\t\t<\/ul>\n<p><!-- [et_pb_line_break_holder] --><!-- [et_pb_line_break_holder] -->\t\t<pee><!-- [et_pb_line_break_holder] -->\t\t\tLes renseignements personnels que nous collectons sont recueillis au travers de formulaires et gr\u00e2ce \u00e0 <!-- [et_pb_line_break_holder] -->\t\t\tl&rsquo;interactivit\u00e9 \u00e9tablie entre vous et notre site Web.<!-- [et_pb_line_break_holder] -->\t\t\tNous utilisons \u00e9galement, comme indiqu\u00e9 dans la section suivante, des fichiers t\u00e9moins et\/ou journaux <!-- [et_pb_line_break_holder] -->\t\t\tpour r\u00e9unir des informations vous concernant.<!-- [et_pb_line_break_holder] -->\t\t<\/pee><!-- [et_pb_line_break_holder] -->\t\t<\/p>\n<h2>Formas e interactividad:<\/h2>\n<p><!-- [et_pb_line_break_holder] -->\t\t<pee class=\"italic\"><!-- [et_pb_line_break_holder] -->\t\t\tSus datos personales se recogen a trav\u00e9s de los siguientes formularios:<!-- [et_pb_line_break_holder] -->\t\t<\/pee><!-- [et_pb_line_break_holder] -->\t\t\t<\/p>\n<ul><!-- [et_pb_line_break_holder] -->\t\t\t\t\t\t\t<\/p>\n<li>Formulario de contacto del sitio web<\/li>\n<p><!-- [et_pb_line_break_holder] -->\t\t\t\t\t<\/ul>\n<p><!-- [et_pb_line_break_holder] -->\t\t<pee class=\"italic\"><!-- [et_pb_line_break_holder] -->\t\t\tUtilizamos la informaci\u00f3n recopilada para los siguientes fines:<!-- [et_pb_line_break_holder] -->\t\t<\/pee><!-- [et_pb_line_break_holder] -->\t\t<\/p>\n<ul><!-- [et_pb_line_break_holder] -->\t\t\t<\/p>\n<li>P\u00f3ngase en contacto con<\/li>\n<p>\t<!-- [et_pb_line_break_holder] -->\t\t<\/ul>\n<p><!-- [et_pb_line_break_holder] -->\t\t<pee class=\"italic\"><!-- [et_pb_line_break_holder] -->\t\t\tVos renseignements sont \u00e9galement collect\u00e9s par le biais de l&rsquo;interactivit\u00e9 pouvant s&rsquo;\u00e9tablir entre vous et notre site Web et ce, de la fa\u00e7on suivante:<!-- [et_pb_line_break_holder] -->\t\t<\/pee>\t<!-- [et_pb_line_break_holder] -->\t\t\t<\/p>\n<ul><!-- [et_pb_line_break_holder] -->\t\t\t\t<\/p>\n<li>Crear una cuenta de usuario<\/li>\n<p><!-- [et_pb_line_break_holder] -->\t\t\t<\/ul>\n<p><!-- [et_pb_line_break_holder] -->\t\t<pee class=\"italic\"><!-- [et_pb_line_break_holder] -->\t\t\tUtilizamos la informaci\u00f3n recopilada para los siguientes fines:<!\u2013- [et_pb_br_holder] -\u2013><!-- [et_pb_line_break_holder] -->\t\t<\/pee><!-- [et_pb_line_break_holder] -->\t\t\t<\/p>\n<ul><!-- [et_pb_line_break_holder] -->\t\t\t\t<\/p>\n<li>Embalaje y entrega<\/li>\n<p><!-- [et_pb_line_break_holder] -->\t\t\t\t<\/p>\n<li>Ponernos en contacto con usted en caso de problema o a petici\u00f3n suya<\/li>\n<p><!-- [et_pb_line_break_holder] -->\t\t\t<\/ul>\n<p><!-- [et_pb_line_break_holder] -->\t\t<!-- [et_pb_line_break_holder] -->\t\t<\/p>\n<h2>Droit d&rsquo;opposition et de retrait<\/h2>\n<p><!-- [et_pb_line_break_holder] -->\t\t<pee><!-- [et_pb_line_break_holder] -->\t\t\tNous nous engageons \u00e0 vous offrir un droit d&rsquo;opposition et de retrait quant \u00e0 vos renseignements personnels.<!\u2013- [et_pb_br_holder] -\u2013><!-- [et_pb_line_break_holder] -->\t\t\tLe droit d&rsquo;opposition s&rsquo;entend comme \u00e9tant la possiblit\u00e9 offerte aux internautes de refuser que leurs renseignements <!-- [et_pb_line_break_holder] -->\t\t\tpersonnels soient utilis\u00e9es \u00e0 certaines fins mentionn\u00e9es lors de la collecte.<!\u2013- [et_pb_br_holder] -\u2013><!-- [et_pb_line_break_holder] -->\t\t<\/pee><!-- [et_pb_line_break_holder] -->\t\t<pee><!-- [et_pb_line_break_holder] -->\t\t\tLe droit de retrait s&rsquo;entend comme \u00e9tant la possiblit\u00e9 offerte aux internautes de demander \u00e0 ce que leurs <!-- [et_pb_line_break_holder] -->\t\t\trenseignements personnels ne figurent plus, par exemple, dans une liste de diffusion.<!\u2013- [et_pb_br_holder] -\u2013><!-- [et_pb_line_break_holder] -->\t\t<\/pee><!-- [et_pb_line_break_holder] -->\t\t<pee><!-- [et_pb_line_break_holder] -->\t\t\tPara ejercer estos derechos: <!\u2013- [et_pb_br_holder] -\u2013><!-- [et_pb_line_break_holder] -->\t\t\tC\u00f3digo postal: BSN 9 A, BD DE STRASBOURG 83000 TOULON<!-- [et_pb_line_break_holder] --><!\u2013- [et_pb_br_holder] -\u2013>\tCorreo electr\u00f3nico: l.gross@eco-candle.eu<!\u2013- [et_pb_br_holder] -\u2013>\t\tSecci\u00f3n del sitio web: https:\/\/eco-candle.eu\/<!\u2013- [et_pb_br_holder] -\u2013>\t<\/pee><!-- [et_pb_line_break_holder] -->\t\t<\/p>\n<h2>Droit d&rsquo;acc\u00e8s<\/h2>\n<p><!-- [et_pb_line_break_holder] -->\t\t<pee><!-- [et_pb_line_break_holder] -->\t\t\tNous nous engageons \u00e0 reconna\u00eetre un droit d&rsquo;acc\u00e8s et de rectification aux personnes <!-- [et_pb_line_break_holder] -->\t\t\tconcern\u00e9es d\u00e9sireuses de consulter, modifier, voire radier les informations les concernant.<!\u2013- [et_pb_br_holder] -\u2013><!-- [et_pb_line_break_holder] --><!-- [et_pb_line_break_holder] -->\t\t\t<!-- [et_pb_line_break_holder] -->\t\t\tL&rsquo;exercice de ce droit se fera :<!\u2013- [et_pb_br_holder] -\u2013><!-- [et_pb_line_break_holder] -->\t\t\tC\u00f3digo postal: BSN 9 A, BD DE STRASBOURG 83000 TOULON<!-- [et_pb_line_break_holder] --><!\u2013- [et_pb_br_holder] -\u2013>\tCorreo electr\u00f3nico: l.gross@eco-candle.eu<!\u2013- [et_pb_br_holder] -\u2013>\t\tSecci\u00f3n del sitio web: https:\/\/eco-candle.eu\/<!\u2013- [et_pb_br_holder] -\u2013>\t<\/pee><!-- [et_pb_line_break_holder] -->\t\t<\/p>\n<h2>Seguridad<\/h2>\n<p><!-- [et_pb_line_break_holder] -->\t\t<pee><!-- [et_pb_line_break_holder] --><!-- [et_pb_line_break_holder] -->\t\t\tLes renseignements personnels que nous collectons sont conserv\u00e9s <!-- [et_pb_line_break_holder] -->\t\t\tdans un environnement s\u00e9curis\u00e9. Les personnes travaillant pour nous sont tenues de respecter la confidentialit\u00e9 de vos informations.<!\u2013- [et_pb_br_holder] -\u2013><!-- [et_pb_line_break_holder] -->\t\t\tPara garantizar la seguridad de su informaci\u00f3n personal, utilizamos las siguientes medidas:<!-- [et_pb_line_break_holder] -->\t\t<\/pee><!-- [et_pb_line_break_holder] -->\t\t\t<\/p>\n<ul><!-- [et_pb_line_break_holder] -->\t\t\t\t\t\t\t\t\t\t\t<\/p>\n<li>Protocolo SSL (Secure Sockets Layer)<\/li>\n<p><!-- [et_pb_line_break_holder] -->\t\t\t\t\t\t\t\t\t\t\t\t\t\t<!-- [et_pb_line_break_holder] -->\t\t\t\t\t\t\t\t<\/ul>\n<p><!-- [et_pb_line_break_holder] --><!-- [et_pb_line_break_holder] -->\t\t<pee><!-- [et_pb_line_break_holder] -->\t\t\tNous nous engageons \u00e0 maintenir un haut degr\u00e9 de confidentialit\u00e9 en int\u00e9grant les derni\u00e8res innovations technologiques permettant d&rsquo;assurer <!-- [et_pb_line_break_holder] -->\t\t\tla confidentialit\u00e9 de vos transactions. Toutefois, comme aucun m\u00e9canisme n&rsquo;offre une s\u00e9curit\u00e9 maximale, une part de risque est toujours pr\u00e9sente <!-- [et_pb_line_break_holder] -->\t\t\tlorsque l&rsquo;on utilise Internet pour transmettre des renseignements personnels. <!-- [et_pb_line_break_holder] -->\t\t<\/pee><!-- [et_pb_line_break_holder] -->\t\t<\/p>\n<h2>Ni\u00f1os<\/h2>\n<p><!-- [et_pb_line_break_holder] -->\t\t<pee><!-- [et_pb_line_break_holder] -->\t\t\tNotre site Web contient des sections destin\u00e9es aux enfants. <!-- [et_pb_line_break_holder] -->\t\t\tLa collecte de leurs renseignements personnels se fait avec <!-- [et_pb_line_break_holder] -->\t\t\tle consentement des parents ou du repr\u00e9sentant l\u00e9gal de l&rsquo;enfant.<!-- [et_pb_line_break_holder] -->\t\t\t\t\t<!-- [et_pb_line_break_holder] -->\t\t\t<\/pee><!-- [et_pb_line_break_holder] -->\t\t\t<!-- [et_pb_line_break_holder] -->\t\t<\/p>\n<h2>Etiqueta<\/h2>\n<p><!-- [et_pb_line_break_holder] -->\t\t<pee><!-- [et_pb_line_break_holder] -->\t\t\tNuestros compromisos en materia de protecci\u00f3n de datos personales cumplen los requisitos del siguiente programa:<!-- [et_pb_line_break_holder] -->\t\t<\/pee><!-- [et_pb_line_break_holder] -->\t\t<\/p>\n<ul><!-- [et_pb_line_break_holder] -->\t\t\t\t\t\t\t<\/ul>\n<p><!-- [et_pb_line_break_holder] -->\t\t<\/p>\n<h2>Legislaci\u00f3n<\/h2>\n<p><!-- [et_pb_line_break_holder] -->\t\t<pee><!-- [et_pb_line_break_holder] -->\t\t\tNos comprometemos a cumplir las disposiciones legislativas establecidas en :<!-- [et_pb_line_break_holder] -->\t\t\t<!\u2013- [et_pb_br_holder] -\u2013>Legislaci\u00f3n francesa.<!-- [et_pb_line_break_holder] -->\t\t<\/pee>[\/et_pb_code][\/et_pb_column][\/et_pb_row][\/et_pb_section]<\/p>","protected":false},"excerpt":{"rendered":"<p>Pol\u00edtica de privacidad<\/p>","protected":false},"author":1,"featured_media":0,"parent":0,"menu_order":0,"comment_status":"closed","ping_status":"closed","template":"","meta":{"_et_pb_use_builder":"on","_et_pb_old_content":"","_et_gb_content_width":"","footnotes":""},"class_list":["post-567","page","type-page","status-publish","hentry"],"aioseo_notices":[],"_links":{"self":[{"href":"https:\/\/eco-candle.eu\/es\/wp-json\/wp\/v2\/pages\/567","targetHints":{"allow":["GET"]}}],"collection":[{"href":"https:\/\/eco-candle.eu\/es\/wp-json\/wp\/v2\/pages"}],"about":[{"href":"https:\/\/eco-candle.eu\/es\/wp-json\/wp\/v2\/types\/page"}],"author":[{"embeddable":true,"href":"https:\/\/eco-candle.eu\/es\/wp-json\/wp\/v2\/users\/1"}],"replies":[{"embeddable":true,"href":"https:\/\/eco-candle.eu\/es\/wp-json\/wp\/v2\/comments?post=567"}],"version-history":[{"count":8,"href":"https:\/\/eco-candle.eu\/es\/wp-json\/wp\/v2\/pages\/567\/revisions"}],"predecessor-version":[{"id":824,"href":"https:\/\/eco-candle.eu\/es\/wp-json\/wp\/v2\/pages\/567\/revisions\/824"}],"wp:attachment":[{"href":"https:\/\/eco-candle.eu\/es\/wp-json\/wp\/v2\/media?parent=567"}],"curies":[{"name":"wp","href":"https:\/\/api.w.org\/{rel}","templated":true}]}}