{"id":7,"date":"2022-01-18T15:01:54","date_gmt":"2022-01-18T14:01:54","guid":{"rendered":"http:\/\/localhost\/sneakers-collect\/?page_id=7"},"modified":"2026-02-10T16:56:23","modified_gmt":"2026-02-10T15:56:23","slug":"accueil","status":"publish","type":"page","link":"https:\/\/eco-candle.eu\/es\/","title":{"rendered":"Inicio"},"content":{"rendered":"<p>[et_pb_section fb_built=\"1\u2033 custom_padding_last_edited=\"on|phone \" module_class=\"banniere\" _builder_version=\"4.22.2\u2033 _module_preset=\"default \" use_background_color_gradient=\"on \" background_color_gradient_stops=\"rgba(0,0,0,0) 50%|rgba(0,0,0,0.8) 100% \" background_image=\"https:\/\/eco-candle.eu\/wp-content\/uploads\/2023\/10\/eco-candle-banniere.jpg \" background_blend= \"multiply \" custom_padding= \"425px||0px||false|false \" custom_padding_tablet= \"257px||0px||false|false \" custom_padding_phone= \"257px||0px||false|false \" background_last_edited=\"on|desktop \" global_colors_info=\"{} \"][et_pb_row use_custom_gutter=\"on \" _builder_version=\"4.22.2\u2033 _module_preset=\"default \" max_width_tablet=\"88% \" max_width_phone=\"88% \" max_width_last_edited=\"on|tablet \" custom_padding=\"||16px||| \" global_colors_info=\"{} \"][et_pb_column type=\"4_4\u2033 _builder_version=\"4.16\u2033 _module_preset=\"default \" global_colors_info=\"{} \"][et_pb_code _builder_version=\"4.23\u2033 _module_preset=\"default \" global_colors_info=\"{} \"]<\/p>\n<div class=\"fc jc-c fw\"><!-- [et_pb_line_break_holder] -->\t<\/p>\n<div class=\"img-container\"><!-- [et_pb_line_break_holder] -->\t\t<img decoding=\"async\" src=\"https:\/\/eco-candle.eu\/wp-content\/uploads\/2023\/10\/ecocandle-yellow.png\"><!-- [et_pb_line_break_holder] -->\t<\/div>\n<p><!-- [et_pb_line_break_holder] -->\t<pee>www.eco-candle.eu<\/pee><!-- [et_pb_line_break_holder] --><\/div>\n<p>[\/et_pb_code][\/et_pb_column][\/et_pb_row][\/et_pb_section][et_pb_section fb_built=\"1\u2033 module_class=\"my-background \" _builder_version=\"4.16\u2033 _module_preset=\"default \" custom_padding=\"||45px||| \" global_colors_info=\"{} \"][et_pb_row _builder_version=\"4.16\u2033 _module_preset=\"default \" global_colors_info=\"{} \"][et_pb_column type=\"4_4\u2033 _builder_version=\"4.16\u2033 _module_preset=\"default \" global_colors_info=\"{} \"][et_pb_text _builder_version=\"4.22.2\u2033 _module_preset=\"default \" text_font=\"|300||on||||| \" text_font_size=\"40px \" header_font=\"|300||||||| \" header_text_align=\"center \" header_font_size=\"38px \" header_line_height=\"1.1em \" text_orientation=\"center \" custom_margin=\"||-2px||| \" custom_padding=\"||17px||| \" global_colors_info=\"{} \"]<\/p>\n<h1>Eco-Candle - Vela ecol\u00f3gica hecha a mano<\/h1>\n<p>[\/et_pb_text][et_pb_text _builder_version=\"4.22.2\u2033 _module_preset=\"default \" header_font=\"|700||||||| \" header_text_align=\"center \" header_text_color=\"#E09900\u2033 header_font_size=\"22px \" header_line_height=\"1.2em \" header_2_font=\"|700||||||| \" header_2_text_align=\"center \" header_2_text_color=\"#e09900\u2033 header_2_font_size=\"22px \" global_colors_info=\"{}\"]<\/p>\n<h2>Regalos de boda, regalos de Navidad, regalos de cumplea\u00f1os, regalos de nacimiento, regalos de inauguraci\u00f3n de la casa...<\/h2>\n<p>[\/et_pb_text][\/et_pb_column][\/et_pb_row][et_pb_row column_structure=\"1_2,1_2\u2033 custom_padding_last_edited=\"on|phone \" _builder_version=\"4.22.2\u2033 _module_preset=\"default \" custom_margin=\"3px|auto|8px|auto|false| \" custom_margin_tablet=\"3px|auto|8px|auto|false| \" custom_margin_phone=\"3px|auto|8px|auto|false| \" custom_margin_last_edited= \"on|desktop \" custom_padding=\"||||false|false \" custom_padding_tablet=\"||||false|false \" custom_padding_phone=\"||||false|false \" global_colors_info=\"{}\"][et_pb_column type=\"1_2\u2033 _builder_version=\"4.16\u2033 _module_preset=\"default \" global_colors_info=\"{} \"][et_pb_text _builder_version=\"4.22.2\u2033 _module_preset=\"default \" text_line_height=\"1.8em \" custom_margin=\"0px||||| \" custom_margin_tablet=\"0px||||| \" custom_margin_phone=\"0px||||| \" custom_margin_last_edited=\"on|tablet \" custom_padding=\"57px||||false|false \" custom_padding_tablet=\"0px||||false|false \" custom_padding_phone=\"0px||||false|false \" custom_padding_last_edited=\"on|phone \" text_font_size_tablet= \" \" text_font_size_phone= \" \" text_font_size_last_edited=\"on|tablet \" text_line_height_tablet=\"1.8em \" text_line_height_phone=\"1.6em \" text_line_height_last_edited=\"on|phone \" global_colors_info=\"{}\"]<\/p>\n<p>La vela eterna <strong>Vela ecol\u00f3gica<\/strong> es invisible en la superficie del aceite. Basta con sumergirlo ligeramente por debajo. Es un efecto de dise\u00f1o que le permite hacer su propio <strong>velas ecol\u00f3gicas<\/strong> \u00fanico. Ideal para home staging.<\/p>\n<p>Esta vela reutilizable durante 125 a\u00f1os se basa en el principio de las l\u00e1mparas de aceite, por lo que puedes ahorrar dinero: con 1 litro de aceite, tienes el equivalente a 1.000 horas de iluminaci\u00f3n.<\/p>\n<p>Eco Candle tambi\u00e9n puede perfumarse a\u00f1adiendo unas gotas de aceite esencial, que puede mezclarse con aceite de cocina para difundir el aroma que prefiera.<\/p>\n<p>&nbsp;<\/p>\n<p>[et_pb_text][\/et_pb_column][et_pb_column type=\"1_2\u2033 _builder_version=\"4.16\u2033 _module_preset=\"default \" global_colors_info=\"{}\"][et_pb_image src= \"https:\/\/eco-candle.eu\/wp-content\/uploads\/2023\/10\/bougie-eco-candle.jpg \" alt= \"Vela eterna, eco-vela elaborada con aceite vegetal, agua, aceites esenciales, una mecha y porta-mechas eco-vela \" title_text=\"bougie-eco-vela \" _builder_version=\"4.22.2\u2033 _module_preset=\"default \" border_radii=\"on|15px|15px|15px|15px \" global_colors_info=\"{} \"][\/et_pb_image][\/et_pb_column][\/et_pb_row][et_pb_row _builder_version=\"4.16\u2033 _module_preset=\"default \" custom_padding=\"||0px|||false|false \" global_colors_info=\"{} \"][et_pb_column type=\"4_4\u2033 _builder_version=\"4.16\u2033 _module_preset=\"default \" global_colors_info=\"{} \"][et_pb_text _builder_version=\"4.22.2\u2033 _module_preset=\"default \" text_font=\"Caveat Brush||on|||||| \" header_font=\"Caveat Brush|||||||| \" header_2_font=\"Caveat|||||||| \" header_2_text_align=\"center \" header_2_text_color=\"#E09900\u2033 header_2_font_size=\"35px \" custom_margin=\"||45px||| \" global_colors_info=\"{} \"]<\/p>\n<h2>La llama perpetua, un regalo bonito, original y respetuoso con el medio ambiente...<\/h2>\n<p>[\/et_pb_text][et_pb_shop _builder_version=\"4.23\u2033 _module_preset=\"default \" title_font=\"|700||||||| \" title_text_align=\"center \" price_text_align=\"center \" border_radii_image=\"on|9px|9px|9px|9px \" global_colors_info=\"{}\"][\/et_pb_shop][\/et_pb_column][\/et_pb_row][et_pb_row column_structure=\"1_2,1_2\u2033 _builder_version=\"4.22.2\u2033 _module_preset=\"default \" custom_padding=\"1px||||| \" global_colors_info=\"{} \"][et_pb_column type=\"1_2\u2033 _builder_version=\"4.22.2\u2033 _module_preset=\"default \" global_colors_info=\"{} \"][et_pb_video src=\"https:\/\/www.youtube.com\/watch?v=HiILS5sODZs \" _builder_version=\"4.27.2\u2033 _module_preset=\"default \" max_width=\"800px \" module_alignment=\"center \" custom_margin=\"||1px||| \" border_radii=\"on|10px|10px|10px|10px \" global_colors_info=\"{} \"][\/et_pb_video][\/et_pb_column][et_pb_column type=\"1_2\u2033 _builder_version=\"4.22.2\u2033 _module_preset=\"default \" global_colors_info=\"{} \"][et_pb_video src= \"https:\/\/eco-candle.eu\/wp-content\/uploads\/2025\/05\/TV8_Forbach.mp4\u2033 _builder_version=\"4.27.2\u2033 _module_preset=\"default \" border_radii=\"on|10px|10px|10px|10px \" global_colors_info=\"{} \"][\/et_pb_video][\/et_pb_column][\/et_pb_row][et_pb_row _builder_version=\"4.27.2\u2033 _module_preset=\"default \" custom_padding=\"45px||||| \" global_colors_info=\"{} \"][et_pb_column type=\"4_4\u2033 _builder_version=\"4.27.2\u2033 _module_preset=\"default \" global_colors_info=\"{} \"][et_pb_text _builder_version=\"4.23\u2033 _module_preset=\"default \" text_font=\"Caveat Brush||on|||||| \" header_font=\"Caveat Brush|||||||| \" header_2_font=\"Caveat|||||||| \" header_2_text_align=\"center \" header_2_text_color=\"#E09900\u2033 header_2_font_size=\"35px \" custom_margin=\"||29px||| \" global_colors_info=\"{} \"]<\/p>\n<h2>Folleto informativo<\/h2>\n<p>[\/et_pb_text][et_pb_text module_class=\"puce notice \" _builder_version=\"4.25.2\u2033 _module_preset=\"default \" header_3_font=\"|700||on||||| \" header_3_text_color=\"#E09900\u2033 header_3_font_size=\"20px \" global_colors_info=\"{}\"]<\/p>\n<p><img decoding=\"async\" src=\"https:\/\/eco-candle.eu\/wp-content\/uploads\/2023\/10\/exemple-eco-candle-bougie-eternelle.jpg\" alt=\"Exemple de bougie \u00e9ternelle Eco-candle\" class=\"float-right\" \/><\/p>\n<p>Para crear tu vela eterna Eco Candle necesitas :<\/p>\n<ul>\n<li>un bonito tarro de cristal o de vela y vierta una base de agua, seguida de 1 cm de aceite de colza com\u00fan.<\/li>\n<li>un trozo de papel de cocina de unos 2 cm2, que tendr\u00e1s que enrollar bien y cortar a 1 cm de longitud. Si la mecha echa humo, ac\u00f3rtala.<\/li>\n<li>Introduce la broca en el agujero del centro del soporte o flotador y aseg\u00farate de que la broca sujeta bien d\u00e1ndole la vuelta y sacudi\u00e9ndola un poco. Si la mecha se cae, haz una nueva. PON LA MECHA EN EL MEDIO y desde luego no en uno de los cuatro agujeros....<\/li>\n<li>Coloca la mezcla en tu tarro de cristal o vela, espera a que la mecha absorba todo el aceite y enci\u00e9ndela.<\/li>\n<li>Advertencia: Mant\u00e9ngase fuera del alcance de los ni\u00f1os. No utilizar<br \/>dejar una vela encendida sin vigilancia. Cualquier<br \/>su uso puede provocar un incendio y da\u00f1ar el equipo.<br \/>del portavelas Eco Candle.<\/li>\n<\/ul>\n<p>&nbsp;<\/p>\n<p>[\/et_pb_text][\/et_pb_column][\/et_pb_row][et_pb_row column_structure=\"1_2,1_2\u2033 _builder_version=\"4.23\u2033 _module_preset=\"default \" global_colors_info=\"{} \"][et_pb_column type=\"1_2\u2033 _builder_version=\"4.23\u2033 _module_preset=\"default \" global_colors_info=\"{} \"][et_pb_image src= \"https:\/\/eco-candle.eu\/wp-content\/uploads\/2023\/10\/exemple-eco-candle-bougie-eternelle-jack-daniels.jpg \" title_text=\"exemple-eco-candle-bougie-eternelle-jack-daniels \" _builder_version=\"4.23\u2033 _module_preset=\"default \" max_width=\"250px \" module_alignment=\"center \" global_colors_info=\"{} \"][\/et_pb_image][\/et_pb_column][et_pb_column type=\"1_2\u2033 _builder_version=\"4.23\u2033 _module_preset=\"default \" global_colors_info=\"{} \"][et_pb_image src= \"https:\/\/eco-candle.eu\/wp-content\/uploads\/2023\/10\/exemple-eco-candle-bougie-eternelle-jack-daniels-peluche.jpg \" title_text=\"exemple-eco-candle-candle-eternelle-jack-daniels-peluche \" _builder_version=\"4.23\u2033 _module_preset=\"default \" max_width=\"198px \" module_alignment=\"center \" global_colors_info=\"{} \"][\/et_pb_image][\/et_pb_column][\/et_pb_row][et_pb_row _builder_version=\"4.23\u2033 _module_preset=\"default \" background_image=\"https:\/\/eco-candle.eu\/wp-content\/uploads\/2023\/11\/concept-amour-represente-par-mains-etendues.jpg\" custom_padding=\"50px|38px|50px|38px|true|true\" border_radii=\"on|7px|7px|7px\" global_colors_info=\"{}\"][et_pb_column type=\"4_4\u2033 _builder_version=\"4.23\u2033 _module_preset=\"default \" global_colors_info=\"{}\"][et_pb_text _builder_version=\"4.23\u2033 _module_preset=\"default \" text_font=\"|700||||||| \" text_font_size=\"21px \" text_orientation=\"right \" module_alignment=\"right \" custom_margin=\"||10px||| \" global_colors_info=\"{} \"]<\/p>\n<p>\u00bfDesea convertirse en afiliado\/patrocinador y hacer publicidad de Eco-candle? <\/p>\n<p>[\/et_pb_text][et_pb_text _builder_version=\"4.23\u2033 _module_preset=\"default \" text_font=\"|||||||| \" text_font_size=\"19px \" text_orientation=\"right \" custom_margin=\"||25px|||\" global_colors_info=\"{}\"]Consigue comisi\u00f3n en cada venta como recompensa....[et_pb_text][et_pb_button button_url=\"@ET-DC@eyJkeW5hbWljIjp0cnVlLCJjb250ZW50IjoicG9zdF9saW5rX3VybF9wYWdlIiwic2V0dGluZ3MiOnsicG9zdF9pZCI6Ijg2NyJ9fQ==@ \" button_text=\"Convi\u00e9rtete en afiliado\" button_alignment=\"right \" _builder_version=\"4.23\u2033 _dynamic_attributes=\"button_url \" _module_preset=\"default \" custom_button=\"on \" button_bg_color=\"#000000\u2033 button_border_width=\"-2px \" button_border_radius=\"4px \" global_colors_info=\"{} \"][\/et_pb_button][\/et_pb_column][\/et_pb_row][\/et_pb_section][et_pb_section fb_built=\"1\u2033 _builder_version=\"4.23\u2033 _module_preset=\"default \" background_color=\"#efef \" custom_padding=\"2px||2px|||\" global_colors_info=\"{}\"][et_pb_row _builder_version=\"4.23\u2033 _module_preset=\"default \" custom_padding=\"15px||||| \" global_colors_info=\"{} \"][et_pb_column type=\"4_4\u2033 _builder_version=\"4.23\u2033 _module_preset=\"default \" global_colors_info=\"{} \"][et_pb_text _builder_version=\"4.23\u2033 _module_preset=\"default \" text_font=\"|700||||||| \" text_font_size=\"18px \" text_orientation=\"center \" custom_margin=\"||-8px||| \" global_colors_info=\"{} \"]<\/p>\n<p>Socios:<\/p>\n<p>[\/et_pb_text][\/et_pb_column][\/et_pb_row][et_pb_row column_structure=\"1_2,1_2\u2033 _builder_version=\"4.23\u2033 _module_preset=\"default \" custom_padding=\"3px||25px||| \" global_colors_info=\"{} \"][et_pb_column type=\"1_2\u2033 _builder_version=\"4.23\u2033 _module_preset=\"default \" global_colors_info=\"{} \"][et_pb_text _builder_version=\"4.25.2\u2033 _module_preset=\"default \" text_font=\"|700|on|||||| \" text_text_color=\"#8E014F \" text_orientation=\"center \" custom_margin=\"18px||||| \" global_colors_info=\"{} \"]<a href=\"https:\/\/gamma.app\/public\/La-Princesse-zr6jn5yqzpn8oox\" target=\"_blank\" rel=\"noopener\" title=\"Enlace a la princesa del arco iris\">La princesa del arco iris<\/a>[\/et_pb_text][\/et_pb_column][et_pb_column type=\"1_2\u2033 _builder_version=\"4.23\u2033 _module_preset=\"default \" global_colors_info=\"{} \"][et_pb_image src= \"https:\/\/eco-candle.eu\/wp-content\/uploads\/2024\/09\/logo-cuirpolaine.png \" url=\"https:\/\/cuirpolaine.com\/ \" _builder_version=\"4.25.2\u2033 _module_preset=\"default \" max_width=\"110px \" module_alignment=\"center \" global_colors_info=\"{} \"][\/et_pb_image][\/et_pb_column][\/et_pb_row][\/et_pb_section]<\/p>","protected":false},"excerpt":{"rendered":"<p>Eco-Candle - Vela artesanal y ecol\u00f3gicaRegalo de boda, regalo de Navidad, regalo de cumplea\u00f1os, regalo de nacimiento, regalo de inauguraci\u00f3n de la casa...La vela eterna Eco Candle es invisible en la superficie del aceite. Basta con sumergirla ligeramente por debajo. Es un efecto de dise\u00f1o que le permite crear sus propias velas ecol\u00f3gicas \u00fanicas. Ideal para home staging. Esta vela [...]<\/p>","protected":false},"author":1,"featured_media":0,"parent":0,"menu_order":0,"comment_status":"closed","ping_status":"closed","template":"","meta":{"_et_pb_use_builder":"on","_et_pb_old_content":"","_et_gb_content_width":"","footnotes":""},"class_list":["post-7","page","type-page","status-publish","hentry"],"aioseo_notices":[],"_links":{"self":[{"href":"https:\/\/eco-candle.eu\/es\/wp-json\/wp\/v2\/pages\/7","targetHints":{"allow":["GET"]}}],"collection":[{"href":"https:\/\/eco-candle.eu\/es\/wp-json\/wp\/v2\/pages"}],"about":[{"href":"https:\/\/eco-candle.eu\/es\/wp-json\/wp\/v2\/types\/page"}],"author":[{"embeddable":true,"href":"https:\/\/eco-candle.eu\/es\/wp-json\/wp\/v2\/users\/1"}],"replies":[{"embeddable":true,"href":"https:\/\/eco-candle.eu\/es\/wp-json\/wp\/v2\/comments?post=7"}],"version-history":[{"count":104,"href":"https:\/\/eco-candle.eu\/es\/wp-json\/wp\/v2\/pages\/7\/revisions"}],"predecessor-version":[{"id":1146,"href":"https:\/\/eco-candle.eu\/es\/wp-json\/wp\/v2\/pages\/7\/revisions\/1146"}],"wp:attachment":[{"href":"https:\/\/eco-candle.eu\/es\/wp-json\/wp\/v2\/media?parent=7"}],"curies":[{"name":"wp","href":"https:\/\/api.w.org\/{rel}","templated":true}]}}