{"id":1056,"date":"2024-02-09T08:48:39","date_gmt":"2024-02-09T07:48:39","guid":{"rendered":"https:\/\/eco-candle.eu\/?post_type=product&#038;p=1056"},"modified":"2024-02-09T08:54:16","modified_gmt":"2024-02-09T07:54:16","slug":"1x-autocollant-pour-personnalisation","status":"publish","type":"product","link":"https:\/\/eco-candle.eu\/es\/producto\/1x-autocollant-pour-personnalisation\/","title":{"rendered":"1 pegatina para personalizar"},"content":{"rendered":"<p>Env\u00edame tu foto en buena calidad y personalizar\u00e9 tus fotoforos con una pegatina que los har\u00e1 \u00fanicos en el mundo.<\/p>\n<p>&nbsp;<\/p>\n<p>Para crear tu vela eterna eco-candle.eu necesitas :<br \/>\n- un bonito tarro de cristal o de velas y vierta en \u00e9l una base de agua y, a continuaci\u00f3n, 1 cm de aceite de colza normal por encima.<br \/>\n- Un trozo de toalla de papel, de unos 2 cm2 de tama\u00f1o, que tendr\u00e1s que enrollar bien y cortar en trozos de 1 cm.<br \/>\n- Introduce la mecha en el orificio situado en el centro del soporte o flotador y aseg\u00farate de que se sujeta correctamente d\u00e1ndole la vuelta y agit\u00e1ndolo un poco. Si la mecha se cae, haz una nueva.<br \/>\n- Coloca la mezcla en tu tarro de cristal o vela, espera a que la mecha absorba todo el aceite y enci\u00e9ndela.<\/p>","protected":false},"excerpt":{"rendered":"<p>Env\u00edame tu foto en buena calidad y personalizar\u00e9 tus fotoforos con una pegatina que los har\u00e1 \u00fanicos en el mundo.<\/p>\n<p>Por el placer de regalar o darse un capricho.<br \/>\nPeso: 10 g.<\/p>","protected":false},"featured_media":1050,"comment_status":"open","ping_status":"closed","template":"","meta":{"_et_pb_use_builder":"","_et_pb_old_content":"","_et_gb_content_width":""},"product_brand":[],"product_cat":[19],"product_tag":[],"class_list":{"0":"post-1056","1":"product","2":"type-product","3":"status-publish","4":"has-post-thumbnail","6":"product_cat-non-classe","8":"first","9":"instock","10":"shipping-taxable","11":"purchasable","12":"product-type-simple"},"aioseo_notices":[],"_links":{"self":[{"href":"https:\/\/eco-candle.eu\/es\/wp-json\/wp\/v2\/product\/1056","targetHints":{"allow":["GET"]}}],"collection":[{"href":"https:\/\/eco-candle.eu\/es\/wp-json\/wp\/v2\/product"}],"about":[{"href":"https:\/\/eco-candle.eu\/es\/wp-json\/wp\/v2\/types\/product"}],"replies":[{"embeddable":true,"href":"https:\/\/eco-candle.eu\/es\/wp-json\/wp\/v2\/comments?post=1056"}],"wp:featuredmedia":[{"embeddable":true,"href":"https:\/\/eco-candle.eu\/es\/wp-json\/wp\/v2\/media\/1050"}],"wp:attachment":[{"href":"https:\/\/eco-candle.eu\/es\/wp-json\/wp\/v2\/media?parent=1056"}],"wp:term":[{"taxonomy":"product_brand","embeddable":true,"href":"https:\/\/eco-candle.eu\/es\/wp-json\/wp\/v2\/product_brand?post=1056"},{"taxonomy":"product_cat","embeddable":true,"href":"https:\/\/eco-candle.eu\/es\/wp-json\/wp\/v2\/product_cat?post=1056"},{"taxonomy":"product_tag","embeddable":true,"href":"https:\/\/eco-candle.eu\/es\/wp-json\/wp\/v2\/product_tag?post=1056"}],"curies":[{"name":"wp","href":"https:\/\/api.w.org\/{rel}","templated":true}]}}