{"id":916,"date":"2023-11-09T14:32:56","date_gmt":"2023-11-09T13:32:56","guid":{"rendered":"https:\/\/eco-candle.eu\/?post_type=product&#038;p=916"},"modified":"2025-01-15T09:49:19","modified_gmt":"2025-01-15T08:49:19","slug":"pack-240x-bougies-eco-candle-pour-mariage-ou-evenement","status":"publish","type":"product","link":"https:\/\/eco-candle.eu\/es\/producto\/pack-240x-bougies-eco-candle-pour-mariage-ou-evenement\/","title":{"rendered":"Paquete de 240 velas ecol\u00f3gicas para bodas o eventos."},"content":{"rendered":"<p>Para crear tu vela eterna eco-candle.eu necesitas :<br \/>\n- un bonito tarro de cristal o de velas y vierta en \u00e9l una base de agua y, a continuaci\u00f3n, 1 cm de aceite de colza normal por encima.<br \/>\n- Un trozo de toalla de papel, de unos 2 cm2 de tama\u00f1o, que tendr\u00e1s que enrollar bien y cortar en trozos de 1 cm.<br \/>\n- Introduce la mecha en el orificio situado en el centro del soporte o flotador y aseg\u00farate de que se sujeta correctamente d\u00e1ndole la vuelta y agit\u00e1ndolo un poco. Si la mecha se cae, haz una nueva.<br \/>\n- Coloca la mezcla en tu tarro de cristal o vela, espera a que la mecha absorba todo el aceite y enci\u00e9ndela.<\/p>","protected":false},"excerpt":{"rendered":"<p>Paquete de 20 velas ecol\u00f3gicas de 12x envasadas con una cinta de regalo. Para el placer de regalar o darse un capricho.<br \/>\nPeso: 800 g.<\/p>\n<p>Ps: la foto no es contractual. Este paquete de 240x velas representa 20 paquetes de 12 velas.<\/p>","protected":false},"featured_media":955,"comment_status":"open","ping_status":"closed","template":"","meta":{"_et_pb_use_builder":"","_et_pb_old_content":"","_et_gb_content_width":""},"product_brand":[],"product_cat":[19],"product_tag":[],"class_list":{"0":"post-916","1":"product","2":"type-product","3":"status-publish","4":"has-post-thumbnail","6":"product_cat-non-classe","8":"first","9":"instock","10":"shipping-taxable","11":"purchasable","12":"product-type-simple"},"aioseo_notices":[],"_links":{"self":[{"href":"https:\/\/eco-candle.eu\/es\/wp-json\/wp\/v2\/product\/916","targetHints":{"allow":["GET"]}}],"collection":[{"href":"https:\/\/eco-candle.eu\/es\/wp-json\/wp\/v2\/product"}],"about":[{"href":"https:\/\/eco-candle.eu\/es\/wp-json\/wp\/v2\/types\/product"}],"replies":[{"embeddable":true,"href":"https:\/\/eco-candle.eu\/es\/wp-json\/wp\/v2\/comments?post=916"}],"wp:featuredmedia":[{"embeddable":true,"href":"https:\/\/eco-candle.eu\/es\/wp-json\/wp\/v2\/media\/955"}],"wp:attachment":[{"href":"https:\/\/eco-candle.eu\/es\/wp-json\/wp\/v2\/media?parent=916"}],"wp:term":[{"taxonomy":"product_brand","embeddable":true,"href":"https:\/\/eco-candle.eu\/es\/wp-json\/wp\/v2\/product_brand?post=916"},{"taxonomy":"product_cat","embeddable":true,"href":"https:\/\/eco-candle.eu\/es\/wp-json\/wp\/v2\/product_cat?post=916"},{"taxonomy":"product_tag","embeddable":true,"href":"https:\/\/eco-candle.eu\/es\/wp-json\/wp\/v2\/product_tag?post=916"}],"curies":[{"name":"wp","href":"https:\/\/api.w.org\/{rel}","templated":true}]}}