{"id":917,"date":"2023-11-09T14:37:09","date_gmt":"2023-11-09T13:37:09","guid":{"rendered":"https:\/\/eco-candle.eu\/?post_type=product&#038;p=917"},"modified":"2024-02-09T08:00:24","modified_gmt":"2024-02-09T07:00:24","slug":"mini-bougie-de-voyage-camping-rando","status":"publish","type":"product","link":"https:\/\/eco-candle.eu\/es\/producto\/mini-bougie-de-voyage-camping-rando\/","title":{"rendered":"Mini velas de viaje, camping y senderismo"},"content":{"rendered":"<p>Entregado con 1 vela Eco<br \/>\n100g<\/p>\n<p>Para crear tu vela eterna eco-candle.eu necesitas :<br \/>\n- un bonito tarro de cristal o de velas y vierta en \u00e9l una base de agua y, a continuaci\u00f3n, 1 cm de aceite de colza normal por encima.<br \/>\n- Un trozo de toalla de papel, de unos 2 cm2 de tama\u00f1o, que tendr\u00e1s que enrollar bien y cortar en trozos de 1 cm.<br \/>\n- Introduce la mecha en el orificio situado en el centro del soporte o flotador y aseg\u00farate de que se sujeta correctamente d\u00e1ndole la vuelta y agit\u00e1ndolo un poco. Si la mecha se cae, haz una nueva.<br \/>\n- Coloca la mezcla en tu tarro de cristal o vela, espera a que la mecha absorba todo el aceite y enci\u00e9ndela.<\/p>","protected":false},"excerpt":{"rendered":"<p>Entregado con 1 vela Eco<br \/>\n100g<\/p>","protected":false},"featured_media":951,"comment_status":"open","ping_status":"closed","template":"","meta":{"_et_pb_use_builder":"","_et_pb_old_content":"","_et_gb_content_width":""},"product_brand":[],"product_cat":[19],"product_tag":[],"class_list":{"0":"post-917","1":"product","2":"type-product","3":"status-publish","4":"has-post-thumbnail","6":"product_cat-non-classe","8":"first","9":"outofstock","10":"shipping-taxable","11":"purchasable","12":"product-type-simple"},"aioseo_notices":[],"_links":{"self":[{"href":"https:\/\/eco-candle.eu\/es\/wp-json\/wp\/v2\/product\/917","targetHints":{"allow":["GET"]}}],"collection":[{"href":"https:\/\/eco-candle.eu\/es\/wp-json\/wp\/v2\/product"}],"about":[{"href":"https:\/\/eco-candle.eu\/es\/wp-json\/wp\/v2\/types\/product"}],"replies":[{"embeddable":true,"href":"https:\/\/eco-candle.eu\/es\/wp-json\/wp\/v2\/comments?post=917"}],"wp:featuredmedia":[{"embeddable":true,"href":"https:\/\/eco-candle.eu\/es\/wp-json\/wp\/v2\/media\/951"}],"wp:attachment":[{"href":"https:\/\/eco-candle.eu\/es\/wp-json\/wp\/v2\/media?parent=917"}],"wp:term":[{"taxonomy":"product_brand","embeddable":true,"href":"https:\/\/eco-candle.eu\/es\/wp-json\/wp\/v2\/product_brand?post=917"},{"taxonomy":"product_cat","embeddable":true,"href":"https:\/\/eco-candle.eu\/es\/wp-json\/wp\/v2\/product_cat?post=917"},{"taxonomy":"product_tag","embeddable":true,"href":"https:\/\/eco-candle.eu\/es\/wp-json\/wp\/v2\/product_tag?post=917"}],"curies":[{"name":"wp","href":"https:\/\/api.w.org\/{rel}","templated":true}]}}