{"id":1056,"date":"2024-02-09T08:48:39","date_gmt":"2024-02-09T07:48:39","guid":{"rendered":"https:\/\/eco-candle.eu\/?post_type=product&#038;p=1056"},"modified":"2024-02-09T08:54:16","modified_gmt":"2024-02-09T07:54:16","slug":"1x-autocollant-pour-personnalisation","status":"publish","type":"product","link":"https:\/\/eco-candle.eu\/it\/prodotto\/1x-autocollant-pour-personnalisation\/","title":{"rendered":"1x adesivo per la personalizzazione"},"content":{"rendered":"<p>Inviatemi la vostra foto in buona qualit\u00e0 e io personalizzer\u00f2 le vostre fotofore con un adesivo che le render\u00e0 uniche al mondo.<\/p>\n<p>&nbsp;<\/p>\n<p>Per creare la tua candela eterna eco-candela.capito, avete bisogno di :<br \/>\n- un bel barattolo di vetro o di candele e versarvi una base d'acqua, quindi 1 cm di olio di colza comune.<br \/>\n- Un pezzo di carta assorbente di circa 2 cm2 , che dovrete arrotolare strettamente e tagliare a 1 cm di lunghezza.<br \/>\n- Inserire lo stoppino nel foro al centro della staffa o del galleggiante e assicurarsi che tenga correttamente girandolo e scuotendolo un po'. Se lo stoppino cade, crearne uno nuovo.<br \/>\n- Mettere la miscela nel barattolo di vetro o nella candela e attendere che lo stoppino assorba tutto l'olio, quindi accendere.<\/p>","protected":false},"excerpt":{"rendered":"<p>Inviatemi la vostra foto in buona qualit\u00e0 e io personalizzer\u00f2 le vostre fotofore con un adesivo che le render\u00e0 uniche al mondo.<\/p>\n<p>Per il piacere di regalare o regalarsi.<br \/>\nPeso: 10 g.<\/p>","protected":false},"featured_media":1050,"comment_status":"open","ping_status":"closed","template":"","meta":{"_et_pb_use_builder":"","_et_pb_old_content":"","_et_gb_content_width":""},"product_brand":[],"product_cat":[19],"product_tag":[],"class_list":{"0":"post-1056","1":"product","2":"type-product","3":"status-publish","4":"has-post-thumbnail","6":"product_cat-non-classe","8":"first","9":"instock","10":"shipping-taxable","11":"purchasable","12":"product-type-simple"},"aioseo_notices":[],"_links":{"self":[{"href":"https:\/\/eco-candle.eu\/it\/wp-json\/wp\/v2\/product\/1056","targetHints":{"allow":["GET"]}}],"collection":[{"href":"https:\/\/eco-candle.eu\/it\/wp-json\/wp\/v2\/product"}],"about":[{"href":"https:\/\/eco-candle.eu\/it\/wp-json\/wp\/v2\/types\/product"}],"replies":[{"embeddable":true,"href":"https:\/\/eco-candle.eu\/it\/wp-json\/wp\/v2\/comments?post=1056"}],"wp:featuredmedia":[{"embeddable":true,"href":"https:\/\/eco-candle.eu\/it\/wp-json\/wp\/v2\/media\/1050"}],"wp:attachment":[{"href":"https:\/\/eco-candle.eu\/it\/wp-json\/wp\/v2\/media?parent=1056"}],"wp:term":[{"taxonomy":"product_brand","embeddable":true,"href":"https:\/\/eco-candle.eu\/it\/wp-json\/wp\/v2\/product_brand?post=1056"},{"taxonomy":"product_cat","embeddable":true,"href":"https:\/\/eco-candle.eu\/it\/wp-json\/wp\/v2\/product_cat?post=1056"},{"taxonomy":"product_tag","embeddable":true,"href":"https:\/\/eco-candle.eu\/it\/wp-json\/wp\/v2\/product_tag?post=1056"}],"curies":[{"name":"wp","href":"https:\/\/api.w.org\/{rel}","templated":true}]}}