{"id":920,"date":"2023-11-09T14:42:08","date_gmt":"2023-11-09T13:42:08","guid":{"rendered":"https:\/\/eco-candle.eu\/?post_type=product&#038;p=920"},"modified":"2025-04-24T13:57:06","modified_gmt":"2025-04-24T11:57:06","slug":"bougie-decorative-avec-verre-double","status":"publish","type":"product","link":"https:\/\/eco-candle.eu\/nl\/product\/bougie-decorative-avec-verre-double\/","title":{"rendered":"Decoratieve kaars met glas bekleed"},"content":{"rendered":"<p>[et_pb_section fb_built=\"1\u2033 _builder_version=\"4.16\u2033 custom_padding=\"0px||||false|false \" global_colors_info=\"{} \"][et_pb_row _builder_version=\"4.16\u2033 background_size=\"initial \" background_position=\"top_left \" background_repeat=\"repeat \" width=\"100% \" custom_padding=\"0px||0px|false|false \" global_colors_info=\"{} \"][et_pb_column type=\"4_4\u2033 _builder_version=\"4.16\u2033 custom_padding=\"||| \" global_colors_info=\"{} \" custom_padding__hover=\"||| \"][et_pb_wc_breadcrumb _builder_version=\"4.16\u2033 global_colors_info=\"{} \"][\/et_pb_wc_breadcrumb][et_pb_wc_cart_notice _builder_version=\"4.16\u2033 global_colors_info=\"{} \"][\/et_pb_wc_cart_notice][\/et_pb_column][\/et_pb_row][et_pb_row column_structure=\"1_2,1_2\u2033 _builder_version=\"4.16\u2033 background_size=\"initial \" background_position=\"top_left \" background_repeat=\"repeat \" width=\"100% \" custom_padding=\"0px||||false|false \" global_colors_info=\"{} \"][et_pb_column type=\"1_2\u2033 _builder_version=\"4.16\u2033 custom_padding=\"||| \" global_colors_info=\"{} \" custom_padding__hover=\"||| \"][et_pb_wc_images _builder_version=\"4.16\u2033 global_colors_info=\"{} \"][\/et_pb_wc_images][\/et_pb_column][et_pb_column type=\"1_2\u2033 _builder_version=\"4.16\u2033 custom_padding=\"||| \" global_colors_info=\"{} \" custom_padding__hover=\"||| \"][et_pb_wc_title _builder_version=\"4.16\u2033 global_colors_info=\"{} \"][\/et_pb_wc_title][et_pb_wc_rating _builder_version=\"4.16\u2033 global_colors_info=\"{} \"][\/et_pb_wc_rating][et_pb_wc_price _builder_version=\"4.16\u2033 global_colors_info=\"{} \"][\/et_pb_wc_price][et_pb_wc_description _builder_version=\"4.16\u2033 global_colors_info=\"{} \"][\/et_pb_wc_description][et_pb_wc_add_to_cart _builder_version=\"4.16\u2033 global_colors_info=\"{} \"][\/et_pb_wc_add_to_cart][et_pb_wc_meta _builder_version=\"4.16\u2033 global_colors_info=\"{} \"][\/et_pb_wc_meta][\/et_pb_column][\/et_pb_row][et_pb_row _builder_version=\"4.16\u2033 background_size=\"initial \" background_position=\"top_left \" background_repeat=\"repeat \" width=\"100% \" global_colors_info=\"{} \"][et_pb_column type=\"4_4\u2033 _builder_version=\"4.16\u2033 custom_padding=\"||| \" global_colors_info=\"{} \" custom_padding__hover=\"||| \"][et_pb_wc_tabs _builder_version=\"4.16\u2033 global_colors_info=\"{} \"][\/et_pb_wc_tabs][et_pb_wc_upsells _builder_version=\"4.16\u2033 global_colors_info=\"{} \"][\/et_pb_wc_upsells][et_pb_wc_related_products _builder_version=\"4.16\u2033 global_colors_info=\"{} \"][\/et_pb_wc_related_products][\/et_pb_column][\/et_pb_row][\/et_pb_section]]<\/p>","protected":false},"excerpt":{"rendered":"<p>Geleverd met 1 Eco-kaars<br \/>\n100g<\/p>","protected":false},"featured_media":949,"comment_status":"open","ping_status":"closed","template":"","meta":{"_et_pb_use_builder":"on","_et_pb_old_content":"Livr\u00e9e avec 1 bougies Eco candle\r\n100g\r\n\r\nPour cr\u00e9er votre bougie \u00e9ternelle eco-candle.eu il vous faut :\r\n- un joli verre ou photophore et y verser un fond d'eau puis 1cm d'huile de cuisine ordinaire de Colza par dessus.\r\n- un bout d'essuie-tout d'environ 2cm2 qu'il faudra rouler bien compact et couper sur 1cm de longueur.\r\n- introduire la m\u00e8che dans le trou du milieu du support ou du flotteur et s'assurer que la m\u00e8che tient correctement en le retournant et en le secouent un peu. Si la m\u00e8che tombe, faites en une nouvelle.\r\n- d\u00e9poser l'ensemble dans votre verre ou photophore et attendre que la m\u00e8che s'imbibe totalement d'huile puis allumer.","_et_gb_content_width":""},"product_brand":[],"product_cat":[19],"product_tag":[],"class_list":{"0":"post-920","1":"product","2":"type-product","3":"status-publish","4":"has-post-thumbnail","6":"product_cat-non-classe","8":"first","9":"outofstock","10":"shipping-taxable","11":"purchasable","12":"product-type-simple"},"aioseo_notices":[],"_links":{"self":[{"href":"https:\/\/eco-candle.eu\/nl\/wp-json\/wp\/v2\/product\/920","targetHints":{"allow":["GET"]}}],"collection":[{"href":"https:\/\/eco-candle.eu\/nl\/wp-json\/wp\/v2\/product"}],"about":[{"href":"https:\/\/eco-candle.eu\/nl\/wp-json\/wp\/v2\/types\/product"}],"replies":[{"embeddable":true,"href":"https:\/\/eco-candle.eu\/nl\/wp-json\/wp\/v2\/comments?post=920"}],"wp:featuredmedia":[{"embeddable":true,"href":"https:\/\/eco-candle.eu\/nl\/wp-json\/wp\/v2\/media\/949"}],"wp:attachment":[{"href":"https:\/\/eco-candle.eu\/nl\/wp-json\/wp\/v2\/media?parent=920"}],"wp:term":[{"taxonomy":"product_brand","embeddable":true,"href":"https:\/\/eco-candle.eu\/nl\/wp-json\/wp\/v2\/product_brand?post=920"},{"taxonomy":"product_cat","embeddable":true,"href":"https:\/\/eco-candle.eu\/nl\/wp-json\/wp\/v2\/product_cat?post=920"},{"taxonomy":"product_tag","embeddable":true,"href":"https:\/\/eco-candle.eu\/nl\/wp-json\/wp\/v2\/product_tag?post=920"}],"curies":[{"name":"wp","href":"https:\/\/api.w.org\/{rel}","templated":true}]}}