{"id":7,"date":"2022-01-18T15:01:54","date_gmt":"2022-01-18T14:01:54","guid":{"rendered":"http:\/\/localhost\/sneakers-collect\/?page_id=7"},"modified":"2026-02-10T16:56:23","modified_gmt":"2026-02-10T15:56:23","slug":"accueil","status":"publish","type":"page","link":"https:\/\/eco-candle.eu\/pt\/","title":{"rendered":"Casa"},"content":{"rendered":"<p>[et_pb_section fb_built=\"1\u2033 custom_padding_last_edited=\"on|phone \" module_class=\"banniere\" _builder_version=\"4.22.2\u2033 _module_preset=\"default \" use_background_color_gradient=\"on \" background_color_gradient_stops=\"rgba(0,0,0,0) 50%|rgba(0,0,0,0.8) 100% \" background_image=\"https:\/\/eco-candle.eu\/wp-content\/uploads\/2023\/10\/eco-candle-banniere.jpg \" background_blend= \"multiply \" custom_padding= \"425px||0px||false|false \" custom_padding_tablet= \"257px|||0px|||false|false \" custom_padding_phone= \"257px|||0px||false|false \" background_last_edited=\"on|desktop \" global_colors_info=\"{} \"][et_pb_row use_custom_gutter=\"on \" _builder_version=\"4.22.2\u2033 _module_preset=\"default \" max_width_tablet=\"88% \" max_width_phone=\"88% \" max_width_last_edited=\"on|tablet \" custom_padding=\"||16px|||| \" global_colors_info=\"{} \"][et_pb_column type=\"4_4\u2033 _builder_version=\"4.16\u2033 _module_preset=\"default \" global_colors_info=\"{} \"][et_pb_code _builder_version=\"4.23\u2033 _module_preset=\"default \" global_colors_info=\"{} \"]<\/p>\n<div class=\"fc jc-c fw\"><!-- [et_pb_line_break_holder] -->\t<\/p>\n<div class=\"img-container\"><!-- [et_pb_line_break_holder] -->\t\t<img decoding=\"async\" src=\"https:\/\/eco-candle.eu\/wp-content\/uploads\/2023\/10\/ecocandle-yellow.png\"><!-- [et_pb_line_break_holder] -->\t<\/div>\n<p><!-- [et_pb_line_break_holder] -->\t<pee>www.eco-candle.eu<\/pee><!-- [et_pb_line_break_holder] --><\/div>\n<p>[\/et_pb_code][\/et_pb_column][\/et_pb_row][\/et_pb_section][et_pb_section fb_built=\"1\u2033 module_class=\"my-background \" _builder_version=\"4.16\u2033 _module_preset=\"default \" custom_padding=\"||45px|||| \" global_colors_info=\"{} \"][et_pb_row _builder_version=\"4.16\u2033 _module_preset=\"default \" global_colors_info=\"{} \"][et_pb_column type=\"4_4\u2033 _builder_version=\"4.16\u2033 _module_preset=\"default \" global_colors_info=\"{} \"][et_pb_text _builder_version=\"4.22.2\u2033 _module_preset=\"default \" text_font=\"|300||on||||| \" text_font_size=\"40px \" header_font=\"|300||||||| \" header_text_align=\"center \" header_font_size=\"38px \" header_line_height=\"1.1em \" text_orientation=\"center \" custom_margin=\"||-2px||| \" custom_padding=\"||17px||| \" global_colors_info=\"{} \"]<\/p>\n<h1>Eco-Vela \u2013 Velas artesanais e eco-amig\u00e1vel<\/h1>\n<p>[\/et_pb_text][et_pb_text _builder_version=\"4.22.2\u2033 _module_preset=\"default \" header_font=\"|700||||||| \" header_text_align=\"center \" header_text_color=\"#E09900\u2033 header_font_size=\"22px \" header_line_height=\"1.2em \" header_2_font=\"|700||||||| \" header_2_text_align=\"center \" header_2_text_color=\"#e09900\u2033 header_2_font_size=\"22px \" global_colors_info=\"{}\"]<\/p>\n<h2>Presente de casamento, presente de natal, presente de anivers\u00e1rio, nascimento, inaugura\u00e7\u00e3o...<\/h2>\n<p>[\/et_pb_text][\/et_pb_column][\/et_pb_row][et_pb_row column_structure=\"1_2,1_2\u2033 custom_padding_last_edited=\"on|phone \" _builder_version=\"4.22.2\u2033 _module_preset=\"default \" custom_margin=\"3px|auto|8px|auto|false| \" custom_margin_tablet=\"3px|auto|8px|auto|false| \" custom_margin_phone=\"3px|auto|8px|auto|false| \" custom_margin_last_edited= \"on|desktop \" custom_padding=\"||||false|false \" custom_padding_tablet=\"||||false|false \" custom_padding_phone=\"||||false|false \" global_colors_info=\"{}\"][et_pb_column type=\"1_2\u2033 _builder_version=\"4.16\u2033 _module_preset=\"default \" global_colors_info=\"{} \"][et_pb_text _builder_version=\"4.22.2\u2033 _module_preset=\"default \" text_line_height=\"1.8em \" custom_margin=\"0px||||| \" custom_margin_tablet=\"0px||||| \" custom_margin_phone=\"0px||||| \" custom_margin_last_edited=\"on|tablet \" custom_padding=\"57px||||false|false \" custom_padding_tablet=\"0px||||false|false \" custom_padding_phone=\"0px||||false|false \" custom_padding_last_edited=\"on|phone \" text_font_size_tablet= \" \" text_font_size_phone= \" \" text_font_size_last_edited=\"on|tablet \" text_line_height_tablet=\"1.8em \" text_line_height_phone=\"1.6em \" text_line_height_last_edited=\"on|phone \" global_colors_info=\"{}\"]<\/p>\n<p>A vela eterna <strong>Eco Vela<\/strong> \u00e9 invis\u00edvel para a superf\u00edcie do \u00f3leo. \u00c9 o suficiente para mergulhar um pouco abaixo. \u00c9 um projeto que permite fazer o seu pr\u00f3prio <strong>velas verdes<\/strong> \u00fanico. \u00d3timo para Casa de Preparo.<\/p>\n<p>Esta vela reutiliz\u00e1veis 125 anos no princ\u00edpio de l\u00e2mpadas de \u00f3leo de fazer economia, j\u00e1 que com 1 litro de \u00f3leo, voc\u00ea tem o equivalente a 1000 horas de ilumina\u00e7\u00e3o.<\/p>\n<p>Eco Vela \u00e9 tamb\u00e9m uma vela perfumada pela adi\u00e7\u00e3o de algumas gotas de \u00f3leos essenciais, para ele, seria suficiente para misturar o \u00f3leo de cozinha para difundir o aroma de sua escolha.<\/p>\n<p>&nbsp;<\/p>\n<p>[et_pb_text][\/et_pb_column][et_pb_column type=\"1_2\u2033 _builder_version=\"4.16\u2033 _module_preset=\"default \" global_colors_info=\"{}\"][et_pb_image src= \"https:\/\/eco-candle.eu\/wp-content\/uploads\/2023\/10\/bougie-eco-candle.jpg \" alt= \"Vela eterna, vela ecol\u00f3gica feita de \u00f3leo vegetal, \u00e1gua, \u00f3leos essenciais, um pavio e suporte de pavio de vela ecol\u00f3gica \" title_text=\"bougie-eco-candle \" _builder_version=\"4.22.2\u2033 _module_preset=\"default \" border_radii=\"on|15px|15px|15px|15px|15px \" global_colors_info=\"{} \"][\/et_pb_image][\/et_pb_column][\/et_pb_row][et_pb_row _builder_version=\"4.16\u2033 _module_preset=\"default \" custom_padding=\"||0px||false|false \" global_colors_info=\"{} \"][et_pb_column type=\"4_4\u2033 _builder_version=\"4.16\u2033 _module_preset=\"default \" global_colors_info=\"{} \"][et_pb_text _builder_version=\"4.22.2\u2033 _module_preset=\"default \" text_font=\"Caveat Brush||on|||||| \" header_font=\"Caveat Brush|||||||| \" header_2_font=\"Caveat|||||||| \" header_2_text_align=\"center \" header_2_text_color=\"#E09900\u2033 header_2_font_size=\"35px \" custom_margin=\"||45px||||| \" global_colors_info=\"{} \"]<\/p>\n<h2>Chama-free, perp\u00e9tuo, um presente muito agrad\u00e1vel original e eco-friendly...<\/h2>\n<p>[\/et_pb_text][et_pb_shop _builder_version=\"4.23\u2033 _module_preset=\"default \" title_font=\"|700||||||| \" title_text_align=\"center \" price_text_align=\"center \" border_radii_image=\"on|9px|9px|9px|9px|9px \" global_colors_info=\"{}\"][\/et_pb_shop][\/et_pb_column][\/et_pb_row][et_pb_row column_structure=\"1_2,1_2\u2033 _builder_version=\"4.22.2\u2033 _module_preset=\"default \" custom_padding=\"1px||||| \" global_colors_info=\"{} \"][et_pb_column type=\"1_2\u2033 _builder_version=\"4.22.2\u2033 _module_preset=\"default \" global_colors_info=\"{} \"][et_pb_video src= \"https:\/\/www.youtube.com\/watch?v=HiILS5sODZs \" _builder_version=\"4.27.2\u2033 _module_preset=\"default \" max_width=\"800px \" module_alignment=\"center \" custom_margin=\"||1px|||| \" border_radii=\"on|10px|10px|10px|10px|10px \" global_colors_info=\"{} \"][\/et_pb_video][\/et_pb_column][et_pb_column type=\"1_2\u2033 _builder_version=\"4.22.2\u2033 _module_preset=\"default \" global_colors_info=\"{} \"][et_pb_video src= \"https:\/\/eco-candle.eu\/wp-content\/uploads\/2025\/05\/TV8_Forbach.mp4\u2033 _builder_version=\"4.27.2\u2033 _module_preset=\"default \" border_radii=\"on|10px|10px|10px|10px \" global_colors_info=\"{} \"][\/et_pb_video][\/et_pb_column][\/et_pb_row][et_pb_row _builder_version=\"4.27.2\u2033 _module_preset=\"default \" custom_padding=\"45px||||| \" global_colors_info=\"{} \"][et_pb_column type=\"4_4\u2033 _builder_version=\"4.27.2\u2033 _module_preset=\"default \" global_colors_info=\"{} \"][et_pb_text _builder_version=\"4.23\u2033 _module_preset=\"default \" text_font=\"Caveat Brush||on|||||| \" header_font=\"Caveat Brush|||||||| \" header_2_font=\"Caveat|||||||| \" header_2_text_align=\"center \" header_2_text_color=\"#E09900\u2033 header_2_font_size=\"35px \" custom_margin=\"||29px||||| \" global_colors_info=\"{} \"]<\/p>\n<h2>Aviso<\/h2>\n<p>[\/et_pb_text][et_pb_text module_class=\"puce notice \" _builder_version=\"4.25.2\u2033 _module_preset=\"default \" header_3_font=\"|700||on||||| \" header_3_text_color=\"#E09900\u2033 header_3_font_size=\"20px \" global_colors_info=\"{}\"]<\/p>\n<p><img decoding=\"async\" src=\"https:\/\/eco-candle.eu\/wp-content\/uploads\/2023\/10\/exemple-eco-candle-bougie-eternelle.jpg\" alt=\"Exemple de bougie \u00e9ternelle Eco-candle\" class=\"float-right\" \/><\/p>\n<p>Para criar a sua vela eterna Eco Candle, precisa de :<\/p>\n<ul>\n<li>um bonito frasco de vidro ou de vela e deite uma base de \u00e1gua, seguida de 1 cm de \u00f3leo de colza vulgar.<\/li>\n<li>um peda\u00e7o de papel de cozinha com cerca de 2 cm2, que ter\u00e1 de enrolar bem apertado e cortar com 1 cm de comprimento. Se o seu pavio deitar fumo, encurte-o.<\/li>\n<li>Introduzir a broca no orif\u00edcio situado no centro do suporte ou da boia e certificar-se de que a broca est\u00e1 bem presa, virando-a e agitando-a um pouco. Se o pavio cair, fa\u00e7a um novo. COLOCAR O FIO NO MEIO e n\u00e3o num dos quatro orif\u00edcios...<\/li>\n<li>queda na sua vidro ou de suporte de vela, e aguarde o pavio absorve completamente o \u00f3leo e, em seguida, ligue-o.<\/li>\n<li>Advert\u00eancia: Manter fora do alcance das crian\u00e7as. N\u00e3o utilizar<br \/>deixar uma vela acesa sem vigil\u00e2ncia. Qualquer erro<br \/>A sua utiliza\u00e7\u00e3o pode provocar um inc\u00eandio e danificar o equipamento.<br \/>do suporte de vela Eco.<\/li>\n<\/ul>\n<p>&nbsp;<\/p>\n<p>[\/et_pb_text][\/et_pb_column][\/et_pb_row][et_pb_row column_structure=\"1_2,1_2\u2033 _builder_version=\"4.23\u2033 _module_preset=\"default \" global_colors_info=\"{} \"][et_pb_column type=\"1_2\u2033 _builder_version=\"4.23\u2033 _module_preset=\"default \" global_colors_info=\"{} \"][et_pb_image src= \"https:\/\/eco-candle.eu\/wp-content\/uploads\/2023\/10\/exemple-eco-candle-bougie-eternelle-jack-daniels.jpg \" title_text=\"exemple-eco-candle-bougie-eternelle-jack-daniels \" _builder_version=\"4.23\u2033 _module_preset=\"default \" max_width=\"250px \" module_alignment=\"center \" global_colors_info=\"{} \"][\/et_pb_image][\/et_pb_column][et_pb_column type=\"1_2\u2033 _builder_version=\"4.23\u2033 _module_preset=\"default \" global_colors_info=\"{} \"][et_pb_image src= \"https:\/\/eco-candle.eu\/wp-content\/uploads\/2023\/10\/exemple-eco-candle-bougie-eternelle-jack-daniels-peluche.jpg \" title_text=\"exemple-eco-candle-candle-eternelle-jack-daniels-peluche \" _builder_version=\"4.23\u2033 _module_preset=\"default \" max_width=\"198px \" module_alignment=\"center \" global_colors_info=\"{} \"][\/et_pb_image][\/et_pb_column][\/et_pb_row][et_pb_row _builder_version=\"4.23\u2033 _module_preset=\"default \" background_image=\"https:\/\/eco-candle.eu\/wp-content\/uploads\/2023\/11\/concept-amour-represente-par-mains-etendues.jpg\" custom_padding=\"50px|38px|50px|38px|true|true\" border_radii=\"on|7px|7px|7px|7px|7px\" global_colors_info=\"{}\"][et_pb_column type=\"4_4\u2033 _builder_version=\"4.23\u2033 _module_preset=\"default \" global_colors_info=\"{}\"][et_pb_text _builder_version=\"4.23\u2033 _module_preset=\"default \" text_font=\"|700||||||| \" text_font_size=\"21px \" text_orientation=\"right \" module_alignment=\"right \" custom_margin=\"||10px|||| \" global_colors_info=\"{} \"]<\/p>\n<p>Voc\u00ea quer se tornar um parceiro\/patrocinador e comunicar a Eco-vela ? <\/p>\n<p>[\/et_pb_text][et_pb_text _builder_version=\"4.23\u2033 _module_preset=\"default \" text_font=\"|||||||| \" text_font_size=\"19px \" text_orientation=\"right \" custom_margin=\"||25px||||\" global_colors_info=\"{}\"]Ganhe uma comiss\u00e3o por cada venda como recompensa...[et_pb_text][et_pb_button button_url=\"@ET-DC@eyJkeW5hbWljIjp0cnVlLCJjb250ZW50IjoicG9zdF9saW5rX3VybF9wYWdlIiwic2V0dGluZ3MiOnsicG9zdF9pZCI6Ijg2NyJ9fQ==@ \" button_text=\"Torne-se um afiliado\" button_alignment=\"right \" _builder_version=\"4.23\u2033 _dynamic_attributes=\"button_url \" _module_preset=\"default \" custom_button=\"on \" button_bg_color=\"#000000\u2033 button_border_width=\"-2px \" button_border_radius=\"4px \" global_colors_info=\"{} \"][\/et_pb_button][\/et_pb_column][\/et_pb_row][\/et_pb_section][et_pb_section fb_built=\"1\u2033 _builder_version=\"4.23\u2033 _module_preset=\"default \" background_color=\"#efefef \" custom_padding=\"2px||2px|||||\" global_colors_info=\"{}\"][et_pb_row _builder_version=\"4.23\u2033 _module_preset=\"default \" custom_padding=\"15px||||| \" global_colors_info=\"{} \"][et_pb_column type=\"4_4\u2033 _builder_version=\"4.23\u2033 _module_preset=\"default \" global_colors_info=\"{} \"][et_pb_text _builder_version=\"4.23\u2033 _module_preset=\"default \" text_font=\"|700||||||| \" text_font_size=\"18px \" text_orientation=\"center \" custom_margin=\"||-8px|||| \" global_colors_info=\"{} \"]<\/p>\n<p>Parceiros :<\/p>\n<p>[\/et_pb_text][\/et_pb_column][\/et_pb_row][et_pb_row column_structure=\"1_2,1_2\u2033 _builder_version=\"4.23\u2033 _module_preset=\"default \" custom_padding=\"3px||25px|||| \" global_colors_info=\"{} \"][et_pb_column type=\"1_2\u2033 _builder_version=\"4.23\u2033 _module_preset=\"default \" global_colors_info=\"{} \"][et_pb_text _builder_version=\"4.25.2\u2033 _module_preset=\"default \" text_font=\"|700|on|||||| \" text_text_color=\"#8E014F \" text_orientation=\"center \" custom_margin=\"18px||||| \" global_colors_info=\"{} \"]<a href=\"https:\/\/gamma.app\/public\/La-Princesse-zr6jn5yqzpn8oox\" target=\"_blank\" rel=\"noopener\" title=\"Link para a princesa do arco-\u00edris\">A princesa do arco-\u00edris<\/a>[\/et_pb_text][\/et_pb_column][et_pb_column type=\"1_2\u2033 _builder_version=\"4.23\u2033 _module_preset=\"default \" global_colors_info=\"{} \"][et_pb_image src= \"https:\/\/eco-candle.eu\/wp-content\/uploads\/2024\/09\/logo-cuirpolaine.png \" url=\"https:\/\/cuirpolaine.com\/ \" _builder_version=\"4.25.2\u2033 _module_preset=\"default \" max_width=\"110px \" module_alignment=\"center \" global_colors_info=\"{} \"][\/et_pb_image][\/et_pb_column][\/et_pb_row][\/et_pb_section]<\/p>","protected":false},"excerpt":{"rendered":"<p>Eco-Candle - Vela artesanal e ecol\u00f3gicaPresente de casamento, presente de Natal, presente de anivers\u00e1rio, presente de nascimento, presente de boas-vindas...A vela eterna Eco Candle \u00e9 invis\u00edvel \u00e0 superf\u00edcie do \u00f3leo. Basta mergulh\u00e1-la ligeiramente por baixo. \u00c9 um efeito de design que lhe permite criar as suas pr\u00f3prias velas ecol\u00f3gicas \u00fanicas. Ideal para a decora\u00e7\u00e3o de interiores. Esta vela [...]<\/p>","protected":false},"author":1,"featured_media":0,"parent":0,"menu_order":0,"comment_status":"closed","ping_status":"closed","template":"","meta":{"_et_pb_use_builder":"on","_et_pb_old_content":"","_et_gb_content_width":"","footnotes":""},"class_list":["post-7","page","type-page","status-publish","hentry"],"aioseo_notices":[],"_links":{"self":[{"href":"https:\/\/eco-candle.eu\/pt\/wp-json\/wp\/v2\/pages\/7","targetHints":{"allow":["GET"]}}],"collection":[{"href":"https:\/\/eco-candle.eu\/pt\/wp-json\/wp\/v2\/pages"}],"about":[{"href":"https:\/\/eco-candle.eu\/pt\/wp-json\/wp\/v2\/types\/page"}],"author":[{"embeddable":true,"href":"https:\/\/eco-candle.eu\/pt\/wp-json\/wp\/v2\/users\/1"}],"replies":[{"embeddable":true,"href":"https:\/\/eco-candle.eu\/pt\/wp-json\/wp\/v2\/comments?post=7"}],"version-history":[{"count":104,"href":"https:\/\/eco-candle.eu\/pt\/wp-json\/wp\/v2\/pages\/7\/revisions"}],"predecessor-version":[{"id":1146,"href":"https:\/\/eco-candle.eu\/pt\/wp-json\/wp\/v2\/pages\/7\/revisions\/1146"}],"wp:attachment":[{"href":"https:\/\/eco-candle.eu\/pt\/wp-json\/wp\/v2\/media?parent=7"}],"curies":[{"name":"wp","href":"https:\/\/api.w.org\/{rel}","templated":true}]}}