{"id":1056,"date":"2024-02-09T08:48:39","date_gmt":"2024-02-09T07:48:39","guid":{"rendered":"https:\/\/eco-candle.eu\/?post_type=product&#038;p=1056"},"modified":"2024-02-09T08:54:16","modified_gmt":"2024-02-09T07:54:16","slug":"1x-autocollant-pour-personnalisation","status":"publish","type":"product","link":"https:\/\/eco-candle.eu\/pt\/produto\/1x-autocollant-pour-personnalisation\/","title":{"rendered":"1x autocolante para personaliza\u00e7\u00e3o"},"content":{"rendered":"<p>Envie-me a sua fotografia em boa qualidade e eu personalizarei as suas fot\u00f3foras com um autocolante que as tornar\u00e1 \u00fanicas no mundo.<\/p>\n<p>&nbsp;<\/p>\n<p>Para criar a sua vela eterna eco-vela.tenho-lo, voc\u00ea precisa :<br \/>\n- um bonito frasco de vidro ou de vela e deite uma base de \u00e1gua, depois 1 cm de \u00f3leo de colza normal por cima.<br \/>\n- Um peda\u00e7o de papel de cozinha, com cerca de 2 cm2, que ter\u00e1 de enrolar bem apertado e cortar em comprimentos de 1 cm.<br \/>\n- Introduzir o pavio no orif\u00edcio situado no centro do suporte ou da boia e verificar se est\u00e1 bem preso, virando-o e agitando-o um pouco. Se o pavio cair, fa\u00e7a um novo.<br \/>\n- Coloque a mistura no seu frasco de vidro ou de vela e espere que o pavio absorva todo o \u00f3leo, depois acenda.<\/p>","protected":false},"excerpt":{"rendered":"<p>Envie-me a sua fotografia em boa qualidade e eu personalizarei as suas fot\u00f3foras com um autocolante que as tornar\u00e1 \u00fanicas no mundo.<\/p>\n<p>Pelo prazer de se oferecer ou de se tratar.<br \/>\nPeso: 10g.<\/p>","protected":false},"featured_media":1050,"comment_status":"open","ping_status":"closed","template":"","meta":{"_et_pb_use_builder":"","_et_pb_old_content":"","_et_gb_content_width":""},"product_brand":[],"product_cat":[19],"product_tag":[],"class_list":{"0":"post-1056","1":"product","2":"type-product","3":"status-publish","4":"has-post-thumbnail","6":"product_cat-non-classe","8":"first","9":"instock","10":"shipping-taxable","11":"purchasable","12":"product-type-simple"},"aioseo_notices":[],"_links":{"self":[{"href":"https:\/\/eco-candle.eu\/pt\/wp-json\/wp\/v2\/product\/1056","targetHints":{"allow":["GET"]}}],"collection":[{"href":"https:\/\/eco-candle.eu\/pt\/wp-json\/wp\/v2\/product"}],"about":[{"href":"https:\/\/eco-candle.eu\/pt\/wp-json\/wp\/v2\/types\/product"}],"replies":[{"embeddable":true,"href":"https:\/\/eco-candle.eu\/pt\/wp-json\/wp\/v2\/comments?post=1056"}],"wp:featuredmedia":[{"embeddable":true,"href":"https:\/\/eco-candle.eu\/pt\/wp-json\/wp\/v2\/media\/1050"}],"wp:attachment":[{"href":"https:\/\/eco-candle.eu\/pt\/wp-json\/wp\/v2\/media?parent=1056"}],"wp:term":[{"taxonomy":"product_brand","embeddable":true,"href":"https:\/\/eco-candle.eu\/pt\/wp-json\/wp\/v2\/product_brand?post=1056"},{"taxonomy":"product_cat","embeddable":true,"href":"https:\/\/eco-candle.eu\/pt\/wp-json\/wp\/v2\/product_cat?post=1056"},{"taxonomy":"product_tag","embeddable":true,"href":"https:\/\/eco-candle.eu\/pt\/wp-json\/wp\/v2\/product_tag?post=1056"}],"curies":[{"name":"wp","href":"https:\/\/api.w.org\/{rel}","templated":true}]}}