{"id":916,"date":"2023-11-09T14:32:56","date_gmt":"2023-11-09T13:32:56","guid":{"rendered":"https:\/\/eco-candle.eu\/?post_type=product&#038;p=916"},"modified":"2025-01-15T09:49:19","modified_gmt":"2025-01-15T08:49:19","slug":"pack-240x-bougies-eco-candle-pour-mariage-ou-evenement","status":"publish","type":"product","link":"https:\/\/eco-candle.eu\/pt\/produto\/pack-240x-bougies-eco-candle-pour-mariage-ou-evenement\/","title":{"rendered":"Pacote de 240x velas Eco Vela para o casamento ou evento."},"content":{"rendered":"<p>Para criar a sua vela eterna eco-vela.tenho-lo, voc\u00ea precisa :<br \/>\n- um bonito frasco de vidro ou de vela e deite uma base de \u00e1gua, depois 1 cm de \u00f3leo de colza normal por cima.<br \/>\n- Um peda\u00e7o de papel de cozinha, com cerca de 2 cm2, que ter\u00e1 de enrolar bem apertado e cortar em comprimentos de 1 cm.<br \/>\n- Introduzir o pavio no orif\u00edcio situado no centro do suporte ou da boia e verificar se est\u00e1 bem preso, virando-o e agitando-o um pouco. Se o pavio cair, fa\u00e7a um novo.<br \/>\n- Coloque a mistura no seu frasco de vidro ou de vela e espere que o pavio absorva todo o \u00f3leo, depois acenda.<\/p>","protected":false},"excerpt":{"rendered":"<p>Pacote de 20 velas ecol\u00f3gicas 12x embaladas com uma fita de oferta. Para o prazer de oferecer ou de se mimar.<br \/>\nPeso: 800g.<\/p>\n<p>Ps: a fotografia n\u00e3o \u00e9 contratual. Este pacote de 240 velas representa 20 pacotes de 12 velas.<\/p>","protected":false},"featured_media":955,"comment_status":"open","ping_status":"closed","template":"","meta":{"_et_pb_use_builder":"","_et_pb_old_content":"","_et_gb_content_width":""},"product_brand":[],"product_cat":[19],"product_tag":[],"class_list":{"0":"post-916","1":"product","2":"type-product","3":"status-publish","4":"has-post-thumbnail","6":"product_cat-non-classe","8":"first","9":"instock","10":"shipping-taxable","11":"purchasable","12":"product-type-simple"},"aioseo_notices":[],"_links":{"self":[{"href":"https:\/\/eco-candle.eu\/pt\/wp-json\/wp\/v2\/product\/916","targetHints":{"allow":["GET"]}}],"collection":[{"href":"https:\/\/eco-candle.eu\/pt\/wp-json\/wp\/v2\/product"}],"about":[{"href":"https:\/\/eco-candle.eu\/pt\/wp-json\/wp\/v2\/types\/product"}],"replies":[{"embeddable":true,"href":"https:\/\/eco-candle.eu\/pt\/wp-json\/wp\/v2\/comments?post=916"}],"wp:featuredmedia":[{"embeddable":true,"href":"https:\/\/eco-candle.eu\/pt\/wp-json\/wp\/v2\/media\/955"}],"wp:attachment":[{"href":"https:\/\/eco-candle.eu\/pt\/wp-json\/wp\/v2\/media?parent=916"}],"wp:term":[{"taxonomy":"product_brand","embeddable":true,"href":"https:\/\/eco-candle.eu\/pt\/wp-json\/wp\/v2\/product_brand?post=916"},{"taxonomy":"product_cat","embeddable":true,"href":"https:\/\/eco-candle.eu\/pt\/wp-json\/wp\/v2\/product_cat?post=916"},{"taxonomy":"product_tag","embeddable":true,"href":"https:\/\/eco-candle.eu\/pt\/wp-json\/wp\/v2\/product_tag?post=916"}],"curies":[{"name":"wp","href":"https:\/\/api.w.org\/{rel}","templated":true}]}}